{"id":3927,"date":"2020-04-25T15:12:10","date_gmt":"2020-04-25T15:12:10","guid":{"rendered":"http:\/\/www.danzataiji.it\/public\/wordpress\/?page_id=3927"},"modified":"2023-11-22T16:20:47","modified_gmt":"2023-11-22T16:20:47","slug":"qi-gong","status":"publish","type":"page","link":"https:\/\/www.danzataiji.it\/public\/wordpress\/qi-gong\/","title":{"rendered":"Ba Duan Jin Qi Gong Corona Virus"},"content":{"rendered":"\t\t<div data-elementor-type=\"wp-post\" data-elementor-id=\"3927\" class=\"elementor elementor-3927\">\n\t\t\t\t\t\t<section class=\"elementor-section elementor-top-section elementor-element elementor-element-157013e elementor-section-boxed elementor-section-height-default elementor-section-height-default\" data-id=\"157013e\" data-element_type=\"section\">\n\t\t\t\t\t\t<div class=\"elementor-container elementor-column-gap-default\">\n\t\t\t\t\t<div class=\"elementor-column elementor-col-100 elementor-top-column elementor-element elementor-element-7a45c15\" data-id=\"7a45c15\" data-element_type=\"column\">\n\t\t\t<div class=\"elementor-widget-wrap elementor-element-populated\">\n\t\t\t\t\t\t<div class=\"elementor-element elementor-element-80cc21d elementor-widget elementor-widget-text-editor\" data-id=\"80cc21d\" data-element_type=\"widget\" data-widget_type=\"text-editor.default\">\n\t\t\t\t<div class=\"elementor-widget-container\">\n\t\t\t\t\t\t\t\t\t<h2>Ba Duan Jin Qi Gong\u00a0<\/h2><div><h2 class=\"title style-scope ytd-video-primary-info-renderer\">Corona virus &#8211; \u516b\u6bb5\u9526\u6c23\u529f Ba Duan Jin Qi Gong con Giuseppe Urselli<\/h2><\/div>\t\t\t\t\t\t\t\t<\/div>\n\t\t\t\t<\/div>\n\t\t\t\t\t<\/div>\n\t\t<\/div>\n\t\t\t\t\t<\/div>\n\t\t<\/section>\n\t\t\t\t<section class=\"elementor-section elementor-top-section elementor-element elementor-element-5238fda elementor-section-boxed elementor-section-height-default elementor-section-height-default\" data-id=\"5238fda\" data-element_type=\"section\">\n\t\t\t\t\t\t<div class=\"elementor-container elementor-column-gap-default\">\n\t\t\t\t\t<div class=\"elementor-column elementor-col-100 elementor-top-column elementor-element elementor-element-59b7801\" data-id=\"59b7801\" data-element_type=\"column\">\n\t\t\t<div class=\"elementor-widget-wrap elementor-element-populated\">\n\t\t\t\t\t\t<div class=\"elementor-element elementor-element-ac035d4 elementor-widget elementor-widget-image\" data-id=\"ac035d4\" data-element_type=\"widget\" data-widget_type=\"image.default\">\n\t\t\t\t<div class=\"elementor-widget-container\">\n\t\t\t\t\t\t\t\t\t\t\t\t\t\t\t<img fetchpriority=\"high\" decoding=\"async\" width=\"5152\" height=\"2896\" src=\"https:\/\/www.danzataiji.it\/public\/wordpress\/wp-content\/uploads\/2020\/05\/118.jpg\" class=\"attachment-full size-full wp-image-4282\" alt=\"\" srcset=\"https:\/\/www.danzataiji.it\/public\/wordpress\/wp-content\/uploads\/2020\/05\/118.jpg 5152w, https:\/\/www.danzataiji.it\/public\/wordpress\/wp-content\/uploads\/2020\/05\/118-300x169.jpg 300w, https:\/\/www.danzataiji.it\/public\/wordpress\/wp-content\/uploads\/2020\/05\/118-768x432.jpg 768w, https:\/\/www.danzataiji.it\/public\/wordpress\/wp-content\/uploads\/2020\/05\/118-1024x576.jpg 1024w\" sizes=\"(max-width: 5152px) 100vw, 5152px\" \/>\t\t\t\t\t\t\t\t\t\t\t\t\t\t\t<\/div>\n\t\t\t\t<\/div>\n\t\t\t\t\t<\/div>\n\t\t<\/div>\n\t\t\t\t\t<\/div>\n\t\t<\/section>\n\t\t\t\t<section class=\"elementor-section elementor-top-section elementor-element elementor-element-31ed97e elementor-section-boxed elementor-section-height-default elementor-section-height-default\" data-id=\"31ed97e\" data-element_type=\"section\">\n\t\t\t\t\t\t<div class=\"elementor-container elementor-column-gap-default\">\n\t\t\t\t\t<div class=\"elementor-column elementor-col-100 elementor-top-column elementor-element elementor-element-40d6319\" data-id=\"40d6319\" data-element_type=\"column\">\n\t\t\t<div class=\"elementor-widget-wrap elementor-element-populated\">\n\t\t\t\t\t\t<div class=\"elementor-element elementor-element-af8bedb elementor-widget elementor-widget-text-editor\" data-id=\"af8bedb\" data-element_type=\"widget\" data-widget_type=\"text-editor.default\">\n\t\t\t\t<div class=\"elementor-widget-container\">\n\t\t\t\t\t\t\t\t\t<div><p>Gli esercizi del Qi Gong aiutano a far scorrere meglio il Qi, l&#8217;energia vitale, nei meridiani, i canali energetici che secondo la medicina tradizionale cinese attraversano come fiumi il nostro corpo. In Cina, negli ospedali di Wuhan, lo staff medico insieme con i pazienti hanno praticato il <strong>Ba Duan Jin Qi Gong \u516b\u6bb5\u9526\u6c23\u529f<\/strong>\u00a0per potenziare il sistema immunitario, prevenire i disturbi respiratori, migliorare la circolazione sanguigna e rilassare corpo e mente. La medicina tradizionale cinese ha svolto un ruolo essenziale durante l&#8217;epidemia del corona virus. Il Qi Gong, considerato una vera e propria terapia e parte essenziale della MTC, \u00e8 stato molto utile per favorire il ripristino delle funzioni polmonari e cardiache, per ridurre gli stati d&#8217;ansia ed aiutare i pazienti in convalescenza (vedi i 2 video sotto). Ispirati dall&#8217;esperienza cinese durante il lockdown italiano abbiamo innanzitutto condiviso sul<a href=\"https:\/\/www.youtube.com\/channel\/UC9JIcn9E1oxESfjgRKTM0Mg\"><strong> canale you tube Vivere il Tao Italia<\/strong><\/a> gli 8 esercizi del Ba Duan Jin (8 pezzi di Broccato) spiegati uno alla volta (potete vedere qui sotto il video finale\u00a0 dell&#8217;intera sequenza). Abbiamo successivamente ideato il\u00a0\u00a0<a href=\"http:\/\/www.danzataiji.it\/public\/wordpress\/?page_id=4247\"><strong>CORSO ON LINE QI GONG E TAI JI PER TUTTI A DONAZIONE LIBERA<\/strong><\/a> sia per i nostri allievi sia per chiunque volesse iniziare la pratica di queste due affascinanti arti. Il programma \u00e8 ricco di contenuti e fruibile per tutti. <strong>Chi fosse interessato a ricevere le 9 lezioni di cui \u00e8 composto il corso pu\u00f2 farne richiesta ed invieremo via mail i 9 link.<\/strong> Vi chiediamo gentilmente una <strong>libera donazione<\/strong> attraverso un <strong>bonifico<\/strong> intestato a <strong>Asd Vivere il Tao Italia<\/strong>, <strong>IT19F0306967684510763016538<\/strong><\/p><\/div>\t\t\t\t\t\t\t\t<\/div>\n\t\t\t\t<\/div>\n\t\t\t\t\t<\/div>\n\t\t<\/div>\n\t\t\t\t\t<\/div>\n\t\t<\/section>\n\t\t\t\t<section class=\"elementor-section elementor-top-section elementor-element elementor-element-4837ce6 elementor-section-boxed elementor-section-height-default elementor-section-height-default\" data-id=\"4837ce6\" data-element_type=\"section\">\n\t\t\t\t\t\t<div class=\"elementor-container elementor-column-gap-default\">\n\t\t\t\t\t<div class=\"elementor-column elementor-col-100 elementor-top-column elementor-element elementor-element-90bc208\" data-id=\"90bc208\" data-element_type=\"column\">\n\t\t\t<div class=\"elementor-widget-wrap elementor-element-populated\">\n\t\t\t\t\t\t<div class=\"elementor-element elementor-element-a28ea6f elementor-widget elementor-widget-text-editor\" data-id=\"a28ea6f\" data-element_type=\"widget\" data-widget_type=\"text-editor.default\">\n\t\t\t\t<div class=\"elementor-widget-container\">\n\t\t\t\t\t\t\t\t\t<p><div class=\"ast-oembed-container \" style=\"height: 100%;\"><iframe title=\"\u516b\u6bb5\u9526\u6c23\u529f Ba Duan Jin Qi Gong Giuseppe Urselli\" width=\"500\" height=\"281\" src=\"https:\/\/www.youtube.com\/embed\/JnWgBIy4lUk?feature=oembed\" frameborder=\"0\" allow=\"accelerometer; autoplay; clipboard-write; encrypted-media; gyroscope; picture-in-picture; web-share\" referrerpolicy=\"strict-origin-when-cross-origin\" allowfullscreen><\/iframe><\/div><\/p>\t\t\t\t\t\t\t\t<\/div>\n\t\t\t\t<\/div>\n\t\t\t\t\t<\/div>\n\t\t<\/div>\n\t\t\t\t\t<\/div>\n\t\t<\/section>\n\t\t\t\t<section class=\"elementor-section elementor-top-section elementor-element elementor-element-5292a52 elementor-section-boxed elementor-section-height-default elementor-section-height-default\" data-id=\"5292a52\" data-element_type=\"section\">\n\t\t\t\t\t\t<div class=\"elementor-container elementor-column-gap-default\">\n\t\t\t\t\t<div class=\"elementor-column elementor-col-50 elementor-top-column elementor-element elementor-element-d2cc36f\" data-id=\"d2cc36f\" data-element_type=\"column\">\n\t\t\t<div class=\"elementor-widget-wrap elementor-element-populated\">\n\t\t\t\t\t\t<div class=\"elementor-element elementor-element-cfa5d23 elementor-widget elementor-widget-text-editor\" data-id=\"cfa5d23\" data-element_type=\"widget\" data-widget_type=\"text-editor.default\">\n\t\t\t\t<div class=\"elementor-widget-container\">\n\t\t\t\t\t\t\t\t\t<p><div class=\"ast-oembed-container \" style=\"height: 100%;\"><iframe title=\"Medical staff practice qigong with coronavirus patients in Wuhan\" width=\"500\" height=\"281\" src=\"https:\/\/www.youtube.com\/embed\/sQV-UGM-bHs?feature=oembed\" frameborder=\"0\" allow=\"accelerometer; autoplay; clipboard-write; encrypted-media; gyroscope; picture-in-picture; web-share\" referrerpolicy=\"strict-origin-when-cross-origin\" allowfullscreen><\/iframe><\/div><\/p>\t\t\t\t\t\t\t\t<\/div>\n\t\t\t\t<\/div>\n\t\t\t\t\t<\/div>\n\t\t<\/div>\n\t\t\t\t<div class=\"elementor-column elementor-col-50 elementor-top-column elementor-element elementor-element-13a9ab1\" data-id=\"13a9ab1\" data-element_type=\"column\">\n\t\t\t<div class=\"elementor-widget-wrap elementor-element-populated\">\n\t\t\t\t\t\t<div class=\"elementor-element elementor-element-f2439a2 elementor-widget elementor-widget-text-editor\" data-id=\"f2439a2\" data-element_type=\"widget\" data-widget_type=\"text-editor.default\">\n\t\t\t\t<div class=\"elementor-widget-container\">\n\t\t\t\t\t\t\t\t\t<p><div class=\"ast-oembed-container \" style=\"height: 100%;\"><iframe title=\"TCM medical staff practice Ba Duan Jin to prevent respiratory diseases during coronavirus outbreak\" width=\"500\" height=\"281\" src=\"https:\/\/www.youtube.com\/embed\/WmRtws6xQZ4?feature=oembed\" frameborder=\"0\" allow=\"accelerometer; autoplay; clipboard-write; encrypted-media; gyroscope; picture-in-picture; web-share\" referrerpolicy=\"strict-origin-when-cross-origin\" allowfullscreen><\/iframe><\/div><\/p>\t\t\t\t\t\t\t\t<\/div>\n\t\t\t\t<\/div>\n\t\t\t\t\t<\/div>\n\t\t<\/div>\n\t\t\t\t\t<\/div>\n\t\t<\/section>\n\t\t\t\t<\/div>\n\t\t","protected":false},"excerpt":{"rendered":"<p>Ba Duan Jin Qi Gong\u00a0 Corona virus &#8211; \u516b\u6bb5\u9526\u6c23\u529f Ba Duan Jin Qi Gong con Giuseppe Urselli Gli esercizi del Qi Gong aiutano a far scorrere meglio il Qi, l&#8217;energia vitale, nei meridiani, i canali energetici che secondo la medicina tradizionale cinese attraversano come fiumi il nostro corpo. In Cina, negli ospedali di Wuhan, lo [&hellip;]<\/p>\n","protected":false},"author":1,"featured_media":0,"parent":0,"menu_order":0,"comment_status":"closed","ping_status":"closed","template":"","meta":{"site-sidebar-layout":"no-sidebar","site-content-layout":"page-builder","ast-site-content-layout":"","site-content-style":"default","site-sidebar-style":"default","ast-global-header-display":"","ast-banner-title-visibility":"","ast-main-header-display":"","ast-hfb-above-header-display":"","ast-hfb-below-header-display":"","ast-hfb-mobile-header-display":"","site-post-title":"disabled","ast-breadcrumbs-content":"","ast-featured-img":"disabled","footer-sml-layout":"","theme-transparent-header-meta":"default","adv-header-id-meta":"","stick-header-meta":"","header-above-stick-meta":"","header-main-stick-meta":"","header-below-stick-meta":"","astra-migrate-meta-layouts":"default","ast-page-background-enabled":"default","ast-page-background-meta":{"desktop":{"background-color":"","background-image":"","background-repeat":"repeat","background-position":"center center","background-size":"auto","background-attachment":"scroll","background-type":"","background-media":"","overlay-type":"","overlay-color":"","overlay-opacity":"","overlay-gradient":""},"tablet":{"background-color":"","background-image":"","background-repeat":"repeat","background-position":"center center","background-size":"auto","background-attachment":"scroll","background-type":"","background-media":"","overlay-type":"","overlay-color":"","overlay-opacity":"","overlay-gradient":""},"mobile":{"background-color":"","background-image":"","background-repeat":"repeat","background-position":"center center","background-size":"auto","background-attachment":"scroll","background-type":"","background-media":"","overlay-type":"","overlay-color":"","overlay-opacity":"","overlay-gradient":""}},"ast-content-background-meta":{"desktop":{"background-color":"var(--ast-global-color-5)","background-image":"","background-repeat":"repeat","background-position":"center center","background-size":"auto","background-attachment":"scroll","background-type":"","background-media":"","overlay-type":"","overlay-color":"","overlay-opacity":"","overlay-gradient":""},"tablet":{"background-color":"var(--ast-global-color-5)","background-image":"","background-repeat":"repeat","background-position":"center center","background-size":"auto","background-attachment":"scroll","background-type":"","background-media":"","overlay-type":"","overlay-color":"","overlay-opacity":"","overlay-gradient":""},"mobile":{"background-color":"var(--ast-global-color-5)","background-image":"","background-repeat":"repeat","background-position":"center center","background-size":"auto","background-attachment":"scroll","background-type":"","background-media":"","overlay-type":"","overlay-color":"","overlay-opacity":"","overlay-gradient":""}},"footnotes":""},"class_list":["post-3927","page","type-page","status-publish","hentry"],"_links":{"self":[{"href":"https:\/\/www.danzataiji.it\/public\/wordpress\/wp-json\/wp\/v2\/pages\/3927","targetHints":{"allow":["GET"]}}],"collection":[{"href":"https:\/\/www.danzataiji.it\/public\/wordpress\/wp-json\/wp\/v2\/pages"}],"about":[{"href":"https:\/\/www.danzataiji.it\/public\/wordpress\/wp-json\/wp\/v2\/types\/page"}],"author":[{"embeddable":true,"href":"https:\/\/www.danzataiji.it\/public\/wordpress\/wp-json\/wp\/v2\/users\/1"}],"replies":[{"embeddable":true,"href":"https:\/\/www.danzataiji.it\/public\/wordpress\/wp-json\/wp\/v2\/comments?post=3927"}],"version-history":[{"count":36,"href":"https:\/\/www.danzataiji.it\/public\/wordpress\/wp-json\/wp\/v2\/pages\/3927\/revisions"}],"predecessor-version":[{"id":6015,"href":"https:\/\/www.danzataiji.it\/public\/wordpress\/wp-json\/wp\/v2\/pages\/3927\/revisions\/6015"}],"wp:attachment":[{"href":"https:\/\/www.danzataiji.it\/public\/wordpress\/wp-json\/wp\/v2\/media?parent=3927"}],"curies":[{"name":"wp","href":"https:\/\/api.w.org\/{rel}","templated":true}]}}