{"id":7604,"date":"2026-02-11T09:12:30","date_gmt":"2026-02-11T09:12:30","guid":{"rendered":"https:\/\/www.danzataiji.it\/public\/wordpress\/?page_id=7604"},"modified":"2026-02-11T11:02:02","modified_gmt":"2026-02-11T11:02:02","slug":"evento-online-domenica-1-marzo-pomeriggio-dautore-con-giuseppe-e-roxana","status":"publish","type":"page","link":"http:\/\/www.danzataiji.it\/public\/wordpress\/evento-online-domenica-1-marzo-pomeriggio-dautore-con-giuseppe-e-roxana\/","title":{"rendered":"Evento online: domenica 1 marzo, pomeriggio d&#8217;autore con Giuseppe e Roxana"},"content":{"rendered":"\t\t<div data-elementor-type=\"wp-page\" data-elementor-id=\"7604\" class=\"elementor elementor-7604\">\n\t\t\t\t\t\t<section class=\"elementor-section elementor-top-section elementor-element elementor-element-2b92ab3 elementor-section-boxed elementor-section-height-default elementor-section-height-default\" data-id=\"2b92ab3\" data-element_type=\"section\">\n\t\t\t\t\t\t<div class=\"elementor-container elementor-column-gap-default\">\n\t\t\t\t\t<div class=\"elementor-column elementor-col-100 elementor-top-column elementor-element elementor-element-cde8fa8\" data-id=\"cde8fa8\" data-element_type=\"column\">\n\t\t\t<div class=\"elementor-widget-wrap elementor-element-populated\">\n\t\t\t\t\t\t<section class=\"elementor-section elementor-inner-section elementor-element elementor-element-443b6e5 elementor-section-boxed elementor-section-height-default elementor-section-height-default\" data-id=\"443b6e5\" data-element_type=\"section\">\n\t\t\t\t\t\t<div class=\"elementor-container elementor-column-gap-default\">\n\t\t\t\t\t<div class=\"elementor-column elementor-col-50 elementor-inner-column elementor-element elementor-element-4109d53\" data-id=\"4109d53\" data-element_type=\"column\">\n\t\t\t<div class=\"elementor-widget-wrap elementor-element-populated\">\n\t\t\t\t\t\t<div class=\"elementor-element elementor-element-6c8ceb0 elementor-widget elementor-widget-image\" data-id=\"6c8ceb0\" data-element_type=\"widget\" data-widget_type=\"image.default\">\n\t\t\t\t<div class=\"elementor-widget-container\">\n\t\t\t\t\t\t\t\t\t\t\t\t\t\t\t<img fetchpriority=\"high\" decoding=\"async\" width=\"768\" height=\"1024\" src=\"http:\/\/www.danzataiji.it\/public\/wordpress\/wp-content\/uploads\/2026\/02\/roxana-768x1024.jpeg\" class=\"attachment-large size-large wp-image-7607\" alt=\"\" srcset=\"http:\/\/www.danzataiji.it\/public\/wordpress\/wp-content\/uploads\/2026\/02\/roxana-768x1024.jpeg 768w, http:\/\/www.danzataiji.it\/public\/wordpress\/wp-content\/uploads\/2026\/02\/roxana-225x300.jpeg 225w, http:\/\/www.danzataiji.it\/public\/wordpress\/wp-content\/uploads\/2026\/02\/roxana-1152x1536.jpeg 1152w, http:\/\/www.danzataiji.it\/public\/wordpress\/wp-content\/uploads\/2026\/02\/roxana.jpeg 1200w\" sizes=\"(max-width: 768px) 100vw, 768px\" \/>\t\t\t\t\t\t\t\t\t\t\t\t\t\t\t<\/div>\n\t\t\t\t<\/div>\n\t\t\t\t\t<\/div>\n\t\t<\/div>\n\t\t\t\t<div class=\"elementor-column elementor-col-50 elementor-inner-column elementor-element elementor-element-56a47b5\" data-id=\"56a47b5\" data-element_type=\"column\">\n\t\t\t<div class=\"elementor-widget-wrap elementor-element-populated\">\n\t\t\t\t\t\t<div class=\"elementor-element elementor-element-9e66272 elementor-widget elementor-widget-text-editor\" data-id=\"9e66272\" data-element_type=\"widget\" data-widget_type=\"text-editor.default\">\n\t\t\t\t<div class=\"elementor-widget-container\">\n\t\t\t\t\t\t\t\t\t<h3>\u00a0<\/h3><h3>\u00a0<\/h3><h3>Per partecipare a questo evento ad ingresso libero, vi invitiamo gentilmente ad inviarci una mail ad <a href=\"mailto:info@danzataiji.it\">info@danzataiji.it<\/a> scrivendo nomi e cognomi dei partecipanti, grazie.\u00a0<\/h3><h3>La sala sar\u00e0 aperta 10 minuti prima dell&#8217;incontro. Non dimenticate il vostro t\u00e8!<\/h3><h3>Questo \u00e8 il link per accedere:<\/h3><h3><a href=\"https:\/\/us06web.zoom.us\/j\/81792052576?pwd=LyJLqoliR7AN17RTBcHqX0Zjtcs5bL.1\">https:\/\/us06web.zoom.us\/j\/81792052576?pwd=LyJLqoliR7AN17RTBcHqX0Zjtcs5bL.1<\/a><\/h3><h3>ID riunione: 817 9205 2576<br \/>Codice d\u2019accesso: 864770<\/h3><h3>Scopri i nostri libri:<\/h3><h3><a href=\"http:\/\/amzn.eu\/d\/fZBIGb9\">Il Cielo sopra, la Terra sotto<\/a><\/h3><h3><a href=\"https:\/\/amzn.eu\/d\/09CNO2tA\">Ainu. Le ombre nascoste<\/a>\u00a0<\/h3>\t\t\t\t\t\t\t\t<\/div>\n\t\t\t\t<\/div>\n\t\t\t\t\t<\/div>\n\t\t<\/div>\n\t\t\t\t\t<\/div>\n\t\t<\/section>\n\t\t\t\t\t<\/div>\n\t\t<\/div>\n\t\t\t\t\t<\/div>\n\t\t<\/section>\n\t\t\t\t<\/div>\n\t\t","protected":false},"excerpt":{"rendered":"<p>\u00a0 \u00a0 Per partecipare a questo evento ad ingresso libero, vi invitiamo gentilmente ad inviarci una mail ad info@danzataiji.it scrivendo nomi e cognomi dei partecipanti, grazie.\u00a0 La sala sar\u00e0 aperta 10 minuti prima dell&#8217;incontro. Non dimenticate il vostro t\u00e8! Questo \u00e8 il link per accedere: https:\/\/us06web.zoom.us\/j\/81792052576?pwd=LyJLqoliR7AN17RTBcHqX0Zjtcs5bL.1 ID riunione: 817 9205 2576Codice d\u2019accesso: 864770 Scopri i [&hellip;]<\/p>\n","protected":false},"author":1,"featured_media":0,"parent":0,"menu_order":0,"comment_status":"closed","ping_status":"closed","template":"","meta":{"site-sidebar-layout":"no-sidebar","site-content-layout":"page-builder","ast-site-content-layout":"full-width-container","site-content-style":"default","site-sidebar-style":"default","ast-global-header-display":"","ast-banner-title-visibility":"","ast-main-header-display":"","ast-hfb-above-header-display":"","ast-hfb-below-header-display":"","ast-hfb-mobile-header-display":"","site-post-title":"disabled","ast-breadcrumbs-content":"","ast-featured-img":"disabled","footer-sml-layout":"","theme-transparent-header-meta":"","adv-header-id-meta":"","stick-header-meta":"","header-above-stick-meta":"","header-main-stick-meta":"","header-below-stick-meta":"","astra-migrate-meta-layouts":"set","ast-page-background-enabled":"default","ast-page-background-meta":{"desktop":{"background-color":"","background-image":"","background-repeat":"repeat","background-position":"center center","background-size":"auto","background-attachment":"scroll","background-type":"","background-media":"","overlay-type":"","overlay-color":"","overlay-opacity":"","overlay-gradient":""},"tablet":{"background-color":"","background-image":"","background-repeat":"repeat","background-position":"center center","background-size":"auto","background-attachment":"scroll","background-type":"","background-media":"","overlay-type":"","overlay-color":"","overlay-opacity":"","overlay-gradient":""},"mobile":{"background-color":"","background-image":"","background-repeat":"repeat","background-position":"center center","background-size":"auto","background-attachment":"scroll","background-type":"","background-media":"","overlay-type":"","overlay-color":"","overlay-opacity":"","overlay-gradient":""}},"ast-content-background-meta":{"desktop":{"background-color":"var(--ast-global-color-5)","background-image":"","background-repeat":"repeat","background-position":"center center","background-size":"auto","background-attachment":"scroll","background-type":"","background-media":"","overlay-type":"","overlay-color":"","overlay-opacity":"","overlay-gradient":""},"tablet":{"background-color":"var(--ast-global-color-5)","background-image":"","background-repeat":"repeat","background-position":"center center","background-size":"auto","background-attachment":"scroll","background-type":"","background-media":"","overlay-type":"","overlay-color":"","overlay-opacity":"","overlay-gradient":""},"mobile":{"background-color":"var(--ast-global-color-5)","background-image":"","background-repeat":"repeat","background-position":"center center","background-size":"auto","background-attachment":"scroll","background-type":"","background-media":"","overlay-type":"","overlay-color":"","overlay-opacity":"","overlay-gradient":""}},"footnotes":""},"class_list":["post-7604","page","type-page","status-publish","hentry"],"_links":{"self":[{"href":"http:\/\/www.danzataiji.it\/public\/wordpress\/wp-json\/wp\/v2\/pages\/7604","targetHints":{"allow":["GET"]}}],"collection":[{"href":"http:\/\/www.danzataiji.it\/public\/wordpress\/wp-json\/wp\/v2\/pages"}],"about":[{"href":"http:\/\/www.danzataiji.it\/public\/wordpress\/wp-json\/wp\/v2\/types\/page"}],"author":[{"embeddable":true,"href":"http:\/\/www.danzataiji.it\/public\/wordpress\/wp-json\/wp\/v2\/users\/1"}],"replies":[{"embeddable":true,"href":"http:\/\/www.danzataiji.it\/public\/wordpress\/wp-json\/wp\/v2\/comments?post=7604"}],"version-history":[{"count":28,"href":"http:\/\/www.danzataiji.it\/public\/wordpress\/wp-json\/wp\/v2\/pages\/7604\/revisions"}],"predecessor-version":[{"id":7670,"href":"http:\/\/www.danzataiji.it\/public\/wordpress\/wp-json\/wp\/v2\/pages\/7604\/revisions\/7670"}],"wp:attachment":[{"href":"http:\/\/www.danzataiji.it\/public\/wordpress\/wp-json\/wp\/v2\/media?parent=7604"}],"curies":[{"name":"wp","href":"https:\/\/api.w.org\/{rel}","templated":true}]}}