{"id":720,"date":"2012-07-24T09:56:35","date_gmt":"2012-07-24T09:56:35","guid":{"rendered":"http:\/\/www.danzataiji.it\/public\/wordpress\/?page_id=720"},"modified":"2025-02-07T10:15:43","modified_gmt":"2025-02-07T10:15:43","slug":"partorire-in-casa-danzando-il-tai-ji","status":"publish","type":"page","link":"http:\/\/www.danzataiji.it\/public\/wordpress\/programma\/partorire-in-casa-danzando-il-tai-ji\/","title":{"rendered":"Partorire in casa danzando il Tai Ji"},"content":{"rendered":"\t\t<div data-elementor-type=\"wp-post\" data-elementor-id=\"720\" class=\"elementor elementor-720\">\n\t\t\t\t\t\t<section class=\"elementor-section elementor-top-section elementor-element elementor-element-294e707 elementor-section-boxed elementor-section-height-default elementor-section-height-default\" data-id=\"294e707\" data-element_type=\"section\">\n\t\t\t\t\t\t<div class=\"elementor-container elementor-column-gap-default\">\n\t\t\t\t\t<div class=\"elementor-column elementor-col-100 elementor-top-column elementor-element elementor-element-73c1a8d\" data-id=\"73c1a8d\" data-element_type=\"column\">\n\t\t\t<div class=\"elementor-widget-wrap elementor-element-populated\">\n\t\t\t\t\t\t<div class=\"elementor-element elementor-element-3b081c3 elementor-widget elementor-widget-text-editor\" data-id=\"3b081c3\" data-element_type=\"widget\" data-widget_type=\"text-editor.default\">\n\t\t\t\t<div class=\"elementor-widget-container\">\n\t\t\t\t\t\t\t\t\t<h2>Partorire in casa danzando il Tai Ji<\/h2>\t\t\t\t\t\t\t\t<\/div>\n\t\t\t\t<\/div>\n\t\t\t\t\t<\/div>\n\t\t<\/div>\n\t\t\t\t\t<\/div>\n\t\t<\/section>\n\t\t\t\t<section class=\"elementor-section elementor-top-section elementor-element elementor-element-cace7e5 elementor-section-boxed elementor-section-height-default elementor-section-height-default\" data-id=\"cace7e5\" data-element_type=\"section\">\n\t\t\t\t\t\t<div class=\"elementor-container elementor-column-gap-default\">\n\t\t\t\t\t<div class=\"elementor-column elementor-col-100 elementor-top-column elementor-element elementor-element-1c1ac45\" data-id=\"1c1ac45\" data-element_type=\"column\">\n\t\t\t<div class=\"elementor-widget-wrap elementor-element-populated\">\n\t\t\t\t\t\t<div class=\"elementor-element elementor-element-a65b999 elementor-invisible elementor-widget elementor-widget-image\" data-id=\"a65b999\" data-element_type=\"widget\" data-settings=\"{&quot;_animation&quot;:&quot;fadeInDown&quot;}\" data-widget_type=\"image.default\">\n\t\t\t\t<div class=\"elementor-widget-container\">\n\t\t\t\t\t\t\t\t\t\t\t\t\t\t\t<img fetchpriority=\"high\" decoding=\"async\" width=\"209\" height=\"300\" src=\"http:\/\/www.danzataiji.it\/public\/wordpress\/wp-content\/uploads\/2023\/10\/Tai-Ji-Danzare-la-Vita_copertina_page-0003-209x300.jpg\" class=\"attachment-medium size-medium wp-image-5726\" alt=\"\" srcset=\"http:\/\/www.danzataiji.it\/public\/wordpress\/wp-content\/uploads\/2023\/10\/Tai-Ji-Danzare-la-Vita_copertina_page-0003-209x300.jpg 209w, http:\/\/www.danzataiji.it\/public\/wordpress\/wp-content\/uploads\/2023\/10\/Tai-Ji-Danzare-la-Vita_copertina_page-0003-715x1024.jpg 715w, http:\/\/www.danzataiji.it\/public\/wordpress\/wp-content\/uploads\/2023\/10\/Tai-Ji-Danzare-la-Vita_copertina_page-0003-768x1100.jpg 768w, http:\/\/www.danzataiji.it\/public\/wordpress\/wp-content\/uploads\/2023\/10\/Tai-Ji-Danzare-la-Vita_copertina_page-0003.jpg 1031w\" sizes=\"(max-width: 209px) 100vw, 209px\" \/>\t\t\t\t\t\t\t\t\t\t\t\t\t\t\t<\/div>\n\t\t\t\t<\/div>\n\t\t\t\t\t<\/div>\n\t\t<\/div>\n\t\t\t\t\t<\/div>\n\t\t<\/section>\n\t\t\t\t<section class=\"elementor-section elementor-top-section elementor-element elementor-element-41de elementor-section-boxed elementor-section-height-default elementor-section-height-default\" data-id=\"41de\" data-element_type=\"section\">\n\t\t\t\t\t\t<div class=\"elementor-container elementor-column-gap-default\">\n\t\t\t\t\t<div class=\"elementor-column elementor-col-100 elementor-top-column elementor-element elementor-element-3ae5\" data-id=\"3ae5\" data-element_type=\"column\">\n\t\t\t<div class=\"elementor-widget-wrap elementor-element-populated\">\n\t\t\t\t\t\t<div class=\"elementor-element elementor-element-5a0f elementor-widget elementor-widget-text-editor\" data-id=\"5a0f\" data-element_type=\"widget\" data-widget_type=\"text-editor.default\">\n\t\t\t\t<div class=\"elementor-widget-container\">\n\t\t\t\t\t\t\t\t\t<h5>Estratto dal libro <a title=\"libro tai ji,danzare la vita\" href=\"http:\/\/www.danzataiji.it\/public\/wordpress\/?page_id=13\">TAI JI, DANZARE LA VITA<\/a>\u00a0di <a title=\"giuseppe urselli\" href=\"http:\/\/www.danzataiji.it\/public\/wordpress\/?page_id=9\">Giuseppe Urselli<\/a><\/h5><h5>\u00a0<\/h5><h5><em>Ogni cosa che genera la vita \u00e8 femminile. <\/em><\/h5><h5><em>Quando gli uomini cominceranno a capire <\/em><\/h5><h5><em>la segreta armonia dell&#8217;universo, <\/em><\/h5><h5><em>di cui le donne sono sempre state a conoscenza, <\/em><\/h5><h5><em>il mondo cambier\u00e0 in meglio<\/em>.<\/h5><h5>\u00a0<\/h5><h5>Lorraine Canoe, Mohawk<\/h5><p>\u00a0<\/p><h5>La gravidanza \u00e8 un periodo di continue trasformazioni che coinvolge la globalit\u00e0 della donna, corpo, mente e spirito.<\/h5><h5>Personalmente ritengo particolarmente bello ed attraente il corpo arrotondato della donna gravida.<\/h5><h5>Possiamo infatti considerare la gravidanza una vera e propria cura di bellezza tanto \u00e8 vero che i capelli, il viso, gli occhi e la pelle stessa diventano particolarmente luminosi. Inoltre, mi sento cos\u00ec attratto dal pancione delle donne incinte che non appena ne vedo uno mi viene voglia di massaggiarlo delicatamente e con tanta dolcezza!<\/h5><h5>Eppure, molto stranamente, nella nostra societ\u00e0 molti medici e anche tante donne considerano la gravidanza come una malattia o come una situazione di obesit\u00e0 tenendo il loro pancione ben nascosto sotto grandi maglioni e cappotti il pi\u00f9 a lungo possibile. Che assurdit\u00e0! Come siamo lontani dall\u2019essere naturali e spontanei!<\/h5><h5>Nell\u2019estate del \u201992, non appena rientrai in Italia dal mio primo seminario di Tai Ji con il maestro Chungliang Al Huang, mia moglie Monica ed io fummo sorpresi e felici di sapere che una meravigliosa vita stava sbocciando nel suo grembo. Aprii le mie braccia ed il mio cuore a questo lieto evento (kai xin \u00e8 l\u2019espressione cinese che indica l\u2019apertura del cuore e della mente).<\/h5><h5>Monica ed io facemmo del nostro meglio perch\u00e9 la gravidanza, il travaglio e il parto avvenissero nel modo pi\u00f9 spontaneo e naturale possibile (zi ran \u00e8 il concetto cinese che indica la spontaneit\u00e0). Frequentammo insieme un corso di preparazione al parto attivo rivolto alle coppie ricevendo moltissime informazioni e suggerimenti utili. La condivisione con altre coppie di futuri genitori del vissuto emotivo legato alla nascita fece da stimolo e sostenne il nostro percorso.\u00a0 \u00a0 \u00a0 \u00a0 \u00a0 \u00a0 \u00a0 \u00a0 \u00a0 \u00a0 \u00a0 \u00a0 \u00a0 \u00a0 \u00a0 \u00a0 \u00a0 \u00a0 \u00a0 \u00a0 \u00a0 \u00a0 \u00a0 \u00a0 \u00a0 \u00a0 \u00a0 \u00a0 \u00a0 \u00a0 \u00a0 \u00a0 \u00a0 \u00a0 \u00a0 \u00a0 \u00a0 \u00a0 \u00a0 \u00a0 \u00a0<\/h5><h5>Nel parto attivo, la donna \u00e8 libera di seguire il suo istinto in un\u2019atmosfera di armonia, tranquillit\u00e0 ed intimit\u00e0. In queste condizioni il bonding, cio\u00e8 il saldo legame tra genitori e figli, si crea molto pi\u00f9 facilmente. Sulla base delle suddette premesse, Monica decise di partorire in casa assistita ed aiutata dall\u2019ostetrica, da me e da tre nostri amici. La mia partecipazione attiva alla nascita di Cielo \u00e8 stata sicuramente una delle esperienze pi\u00f9 importanti ed entusiasmanti della mia vita.<\/h5><p>\u00a0<\/p><h5>VIVERE IL MISTERO DELLA NASCITA<\/h5><p>\u00a0<\/p><h5>Durante il travaglio recitammo tutti insieme il mantra om guidando con il nostro respiro e con i nostri canti le onde delle contrazioni di Monica. Lasciammo che Monica si abbandonasse fiduciosa all\u2019esperienza del travaglio, del parto e della nascita gustandone tutt&#8217;insieme il grande mistero.<\/h5><h5>Dal canto suo, l&#8217;ostetrica non interfer\u00ec inutilmente e inopportunamente per tutta la durata del travaglio e del parto seguendo cos\u00ec uno dei pi\u00f9 importanti principi della filosofia taoista: il wu wei.<\/h5><h5>Wu wei significa fare senza fare, agire spontaneamente senza ostacolare o bloccare il libero fluire dell\u2019energia vitale (qi in cinese) e il processo stesso della vita.<\/h5><h5>Qualsiasi ostetrica ben informata e preparata sa che una donna in buona salute \u00e8 in grado di partorire da sola, in quanto il parto nella stragrande maggioranza dei casi \u00e8 un evento biologico, fisiologico, spontaneo e naturale. Accade da s\u00e9.<\/h5><h5>Uno dei migliori esempi del wu wei della natura \u00e8 lo sbocciare spontaneo e naturale di un fiore in primavera.<\/h5><p>\u00a0<\/p><h5><em>Sedendo in tranquillit\u00e0 senza far niente<\/em><\/h5><h5><em>la Primavera arriva <\/em><\/h5><h5><em>e l\u2019 erba cresce da s\u00e9.<\/em><\/h5><h5>(Detto zen)<\/h5><p>\u00a0<\/p><h5>Sia io che Monica ci preparammo insieme a vivere quella che il noto ginecologo Frederick Leboyer, pioniere della nascita senza violenza, chiama \u201cla tempesta del parto\u201d con una grande risorsa interiore: l\u2019amore per nostro figlio e per la vita!<\/h5><h5>Il film \u201cIl rito della nascita\u201d e gli splendidi libri di Leboyer ci diedero un ulteriore ed importantissimo aiuto ad affrontare con serenit\u00e0 e coraggio quello straordinario evento che \u00e8 la nascita.<\/h5><h5>Cielo fu partorito in modo del tutto naturale e spontaneo. Durante il travaglio Monica fu libera di muoversi scegliendo di volta in volta le posizioni pi\u00f9 comode ed appropriate, usando la voce liberamente e venendo da me stesso massaggiata.<\/h5><h5>Durante il periodo espulsivo l\u2019ostetrica non incit\u00f2 mia moglie ad effettuare spinte artificiali e forzate (cosa che purtroppo avviene piuttosto di frequente in ospedale dove gli operatori sanitari esortano prematuramente la donna dicendole \u201cspinga, spinga, su\u2026spinga!\u201d).<\/h5><h5>Il 16 Aprile del 1993, in piena Primavera, mentre i passeri cinguettavano sul nostro balcone, nacque Cielo. Una valanga d\u2019amore riemp\u00ec la nostra casa. Monica partor\u00ec in posizione accovacciata, venendo sostenuta alle sue spalle da me stesso.<\/h5><h5>Il lume di una piccola e profumata candela rischiarava la nostra stanza.<\/h5><h5>I flauti degli Indiani d\u2019America e le voci registrate della foresta Amazzonica ci accompagnavano nella nostra avventura.<\/h5><h5>Non appena Cielo venne alla luce, Monica lo prese fra le sue braccia e lo attacc\u00f2 immediatamente al seno. Osservando gli occhietti che Cielo sbatteva e sgranava in continuazione, mi sembr\u00f2 di essere di fronte ad un piccolo e vecchio saggio.<\/h5><h5>Mi diede l\u2019impressione che sapesse gi\u00e0 tutto di noi e della vita.<\/h5><h5>Quale saggezza!<\/h5><h5>Adattando e parafrasando il 17\u00b0 capitolo del Tao Te Ching alla nascita di Cielo mi viene da dire:<\/h5><h5><em>Quando il lavoro fu compiuto e tutto and\u00f2 bene, <\/em><\/h5><h5><em>io e Monica dicemmo: \u201cBene, l\u2019abbiamo fatto da noi!&#8221;<\/em><\/h5><h5>\u00a0<\/h5><h5>Tratto da\u00a0<a title=\"libro tai ji,danzare la vita\" href=\"http:\/\/www.danzataiji.it\/public\/wordpress\/?page_id=13\">TAI JI, DANZARE LA VITA<\/a>\u00a0<\/h5>\t\t\t\t\t\t\t\t<\/div>\n\t\t\t\t<\/div>\n\t\t\t\t\t<\/div>\n\t\t<\/div>\n\t\t\t\t\t<\/div>\n\t\t<\/section>\n\t\t\t\t<\/div>\n\t\t","protected":false},"excerpt":{"rendered":"<p>Partorire in casa danzando il Tai Ji Estratto dal libro TAI JI, DANZARE LA VITA\u00a0di Giuseppe Urselli \u00a0 Ogni cosa che genera la vita \u00e8 femminile. Quando gli uomini cominceranno a capire la segreta armonia dell&#8217;universo, di cui le donne sono sempre state a conoscenza, il mondo cambier\u00e0 in meglio. \u00a0 Lorraine Canoe, Mohawk \u00a0 [&hellip;]<\/p>\n","protected":false},"author":1,"featured_media":0,"parent":65,"menu_order":2,"comment_status":"closed","ping_status":"closed","template":"elementor_header_footer","meta":{"site-sidebar-layout":"default","site-content-layout":"default","ast-site-content-layout":"default","site-content-style":"default","site-sidebar-style":"default","ast-global-header-display":"","ast-banner-title-visibility":"","ast-main-header-display":"","ast-hfb-above-header-display":"","ast-hfb-below-header-display":"","ast-hfb-mobile-header-display":"","site-post-title":"","ast-breadcrumbs-content":"","ast-featured-img":"","footer-sml-layout":"","theme-transparent-header-meta":"default","adv-header-id-meta":"","stick-header-meta":"","header-above-stick-meta":"","header-main-stick-meta":"","header-below-stick-meta":"","astra-migrate-meta-layouts":"set","ast-page-background-enabled":"default","ast-page-background-meta":{"desktop":{"background-color":"","background-image":"","background-repeat":"repeat","background-position":"center center","background-size":"auto","background-attachment":"scroll","background-type":"","background-media":"","overlay-type":"","overlay-color":"","overlay-opacity":"","overlay-gradient":""},"tablet":{"background-color":"","background-image":"","background-repeat":"repeat","background-position":"center center","background-size":"auto","background-attachment":"scroll","background-type":"","background-media":"","overlay-type":"","overlay-color":"","overlay-opacity":"","overlay-gradient":""},"mobile":{"background-color":"","background-image":"","background-repeat":"repeat","background-position":"center center","background-size":"auto","background-attachment":"scroll","background-type":"","background-media":"","overlay-type":"","overlay-color":"","overlay-opacity":"","overlay-gradient":""}},"ast-content-background-meta":{"desktop":{"background-color":"var(--ast-global-color-5)","background-image":"","background-repeat":"repeat","background-position":"center center","background-size":"auto","background-attachment":"scroll","background-type":"","background-media":"","overlay-type":"","overlay-color":"","overlay-opacity":"","overlay-gradient":""},"tablet":{"background-color":"var(--ast-global-color-5)","background-image":"","background-repeat":"repeat","background-position":"center center","background-size":"auto","background-attachment":"scroll","background-type":"","background-media":"","overlay-type":"","overlay-color":"","overlay-opacity":"","overlay-gradient":""},"mobile":{"background-color":"var(--ast-global-color-5)","background-image":"","background-repeat":"repeat","background-position":"center center","background-size":"auto","background-attachment":"scroll","background-type":"","background-media":"","overlay-type":"","overlay-color":"","overlay-opacity":"","overlay-gradient":""}},"footnotes":""},"class_list":["post-720","page","type-page","status-publish","hentry"],"_links":{"self":[{"href":"http:\/\/www.danzataiji.it\/public\/wordpress\/wp-json\/wp\/v2\/pages\/720","targetHints":{"allow":["GET"]}}],"collection":[{"href":"http:\/\/www.danzataiji.it\/public\/wordpress\/wp-json\/wp\/v2\/pages"}],"about":[{"href":"http:\/\/www.danzataiji.it\/public\/wordpress\/wp-json\/wp\/v2\/types\/page"}],"author":[{"embeddable":true,"href":"http:\/\/www.danzataiji.it\/public\/wordpress\/wp-json\/wp\/v2\/users\/1"}],"replies":[{"embeddable":true,"href":"http:\/\/www.danzataiji.it\/public\/wordpress\/wp-json\/wp\/v2\/comments?post=720"}],"version-history":[{"count":95,"href":"http:\/\/www.danzataiji.it\/public\/wordpress\/wp-json\/wp\/v2\/pages\/720\/revisions"}],"predecessor-version":[{"id":7348,"href":"http:\/\/www.danzataiji.it\/public\/wordpress\/wp-json\/wp\/v2\/pages\/720\/revisions\/7348"}],"up":[{"embeddable":true,"href":"http:\/\/www.danzataiji.it\/public\/wordpress\/wp-json\/wp\/v2\/pages\/65"}],"wp:attachment":[{"href":"http:\/\/www.danzataiji.it\/public\/wordpress\/wp-json\/wp\/v2\/media?parent=720"}],"curies":[{"name":"wp","href":"https:\/\/api.w.org\/{rel}","templated":true}]}}