{"id":45,"date":"2011-10-22T17:13:01","date_gmt":"2011-10-22T17:13:01","guid":{"rendered":"http:\/\/www.danzataiji.it\/public\/wordpress\/?page_id=45"},"modified":"2017-02-10T11:52:23","modified_gmt":"2017-02-10T11:52:23","slug":"corsi-nascita-attiva","status":"publish","type":"page","link":"http:\/\/www.danzataiji.it\/public\/wordpress\/seminari\/corsi-nascita-attiva\/","title":{"rendered":"Tai Ji in GraviDanza"},"content":{"rendered":"<p style=\"text-align: justify;\"><a href=\"http:\/\/vivereiltaichi.files.wordpress.com\/2011\/07\/nascita-0.jpg\"><img fetchpriority=\"high\" decoding=\"async\" class=\"aligncenter\" title=\"NASCITA 0\" src=\"http:\/\/vivereiltaichi.files.wordpress.com\/2011\/07\/nascita-0.jpg?w=300&amp;h=225\" alt=\"\" width=\"300\" height=\"225\" \/><\/a><\/p>\n<h1 align=\"CENTER\"><span style=\"font-family: Verdana, sans-serif;\"><span style=\"font-size: medium;\"><span style=\"color: #ff0000;\"><strong>TAI JI IN GRAVIDANZA<\/strong><\/span> <strong>con\u00a0<\/strong><\/span><\/span><strong><span style=\"font-size: medium;\">Giuseppe Urselli e Monica Dal Molin<\/span><\/strong><\/h1>\n<p style=\"text-align: justify;\"><strong>Il programma: esercizi di rilassamento, lavoro sul bacino, esercizi per il perineo, visualizzazioni, liberare la voce, la danza creativa, il Tai Ji per la GraviDanza, la donna protagonista dell&#8217;evento, il parto attivo ed in casa, le posizioni, il massaggio, essere in sintonia con la donna, l&#8217;ascolto e l&#8217;empatia, il ruolo dl padre e la genitorialit\u00e0, Wu Wei, l&#8217;arte del non interferire, Tui Shou, esercizi per favorire l&#8217;armonia nella coppia, la comunicazione col bambino.<\/strong><\/p>\n<p style=\"text-align: justify;\"><strong>Giuseppe Urselli<\/strong><strong>, maestro di Tai Ji laureato in psicologia<\/strong>\u00a0conduce corsi in tutta Italia ed in Svizzera dal 1993. E\u2019 autore del\u00a0<strong>libro<\/strong><strong>Tai Ji, Danzare la Vita e del dvd Tai Ji, la danza del Tao.<\/strong><\/p>\n<p style=\"text-align: justify;\"><strong><\/strong><strong>Monica Dal Molin<\/strong>,\u00a0<strong>educatrice prenatale<\/strong>,\u00a0<strong>laureata in filosofia<\/strong>\u00a0conduce da molti anni\u00a0<strong>corsi pre e post-parto,<\/strong>\u00a0di\u00a0<strong>massaggio in gravidanza e al bambino<\/strong>. Scrive per la nota rivista\u00a0<strong>Dolce Attesa<\/strong><\/p>\n<p><span style=\"text-align: justify;\">Nei corsi di accompagnamento alla nascita incoraggiamo la donna ad essere protagonista cosciente e vitale del parto, non pi\u00f9 paziente passiva ma attiva donatrice di vita. Il lavoro corporeo che proponiamo \u00e8 basato sullo yoga, il tai ji, la danza creativa, arti che permettono di acquisire flessibilit\u00e0, fluidit\u00e0 e morbidezza preparando all\u2019apertura del parto. Facili ed utili esercizi di respirazione donano rilassamento, calma e una maggiore fiducia in s\u00e9 stesse. Gli incontri sono una speciale opportunit\u00e0 per condividere ed acquisire informazioni sui vari aspetti della gravidanza e del parto, fondamentali per poter fare scelte consapevoli. Dopo la nascita \u00e8 possibile frequentare nuovi incontri per condividere il vissuto della maternit\u00e0 ed i suoi cambiamenti, scambiare le esperienze, dare e ricevere sostegno per l\u2019allattamento al seno, ritrovare flessibilit\u00e0 ed elasticit\u00e0 attraverso semplici esercizi. In questi incontri si insegnano inoltre semplici tecniche di massaggio al bambino che rafforzano la comunicazione autentica della nuova famiglia.<\/span><\/p>\n<p style=\"text-align: justify;\"><strong>Info:\u00a0<strong><strong><strong><a href=\"mailto:info@danzataiji.it\">info@danzataiji.it<\/a><\/strong><\/strong><\/strong>, Tel. 3802919426 \u00a0 \u00a0 \u00a0 \u00a0 \u00a0 \u00a0 \u00a0 \u00a0 \u00a0 \u00a0 \u00a0 \u00a0 \u00a0 \u00a0 \u00a0 \u00a0 \u00a0 \u00a0 \u00a0 \u00a0 \u00a0 \u00a0 \u00a0 \u00a0 \u00a0 \u00a0 \u00a0 \u00a0 \u00a0 \u00a0 \u00a0 \u00a0 \u00a0 \u00a0 \u00a0 \u00a0 \u00a0 \u00a0 \u00a0 \u00a0 \u00a0 \u00a0 \u00a0 \u00a0 \u00a0 \u00a0 \u00a0 \u00a0 \u00a0 \u00a0 \u00a0 \u00a0 \u00a0 \u00a0 \u00a0 \u00a0 \u00a0 \u00a0 \u00a0 \u00a0<\/strong><\/p>\n<p align=\"CENTER\"><span style=\"color: #800080;\"><strong>PREPARARSI AL PARTO CON IL TAI JI, VERSO LA NASCITA DANZANDO CON GLI ELEMENTI DELLA NATURA<\/strong><\/span><\/p>\n<p style=\"text-align: justify;\" align=\"JUSTIFY\">\u00a0 \u00a0 \u00a0 \u00a0 \u00a0 \u00a0 \u00a0 \u00a0 \u00a0 \u00a0 \u00a0 \u00a0 \u00a0 \u00a0 \u00a0 \u00a0 \u00a0 \u00a0 \u00a0 \u00a0 \u00a0 \u00a0 \u00a0 \u00a0 \u00a0 \u00a0 \u00a0 \u00a0 \u00a0 \u00a0 \u00a0 \u00a0 \u00a0 \u00a0 \u00a0 \u00a0 \u00a0 \u00a0 \u00a0 \u00a0 \u00a0 \u00a0 \u00a0 \u00a0 \u00a0 \u00a0 \u00a0 \u00a0 \u00a0 \u00a0 \u00a0 \u00a0 \u00a0\u00a0<a href=\"http:\/\/www.danzataiji.it\/public\/wordpress\/wp-content\/uploads\/2011\/10\/IMG_00411.jpg\"><img decoding=\"async\" class=\"aligncenter size-large wp-image-906\" title=\"IMG_0041\" src=\"http:\/\/www.danzataiji.it\/public\/wordpress\/wp-content\/uploads\/2011\/10\/IMG_00411-1024x684.jpg\" alt=\"\" width=\"600\" height=\"400\" \/><\/a><\/p>\n<p style=\"text-align: justify;\" align=\"JUSTIFY\">I movimenti lenti, dolci ed armonici del Tai Ji aiutano le donne in attesa a ritrovare calma, tranquillit\u00e0 e pace interiore. Il Tai Ji \u00e8 facile da imparare ed \u00e8 molto utile non solo per le donne in attesa ma anche per gli operatori del percorso nascita. In tutti i tipi di corsi di preparazione alla nascita la pratica del Tai Ji pu\u00f2 essere affiancata con ottimi risultati allo stretching, allo yoga, alle visualizzazioni e alle tecniche di rilassamento. Attraverso la pratica le donne in attesa si preparano ad affrontare con serenit\u00e0 le paure relative al parto e al dolore delle contrazioni. Con il Tai Ji impariamo a muoverci lentamente come nuvole nel vento con dolcezza e consapevolezza, ascoltando il respiro, nuotando nell\u2019aria e danzando con la mente ed il corpo uniti. Nei corsi di educazione alla nascita le mamme in attesa rispondono con vivo entusiasmo e piacere alla fluida ed armoniosa danza Tai Ji che invita alla consapevolezza, a rilassarsi, ad aprirsi alla vita e a non lottare contro la forza di gravit\u00e0 durante il travaglio ed il parto. Muoversi con i 5 simboli della vita (che secondo l\u2019antica filosofia cinese sono il fuoco, l\u2019acqua, il legno, il metallo e la terra ) predispone la mamma in attesa ad aprirsi al miracolo della vita e gioire del dono pi\u00f9 bello che possa mai ricevere: un bimbo nel suo grembo, due vite in una sola ! Le varie figure fanno nascere immagini meravigliose grazie alle quali si cerca di fare tutto in modo semplice, armonioso e naturale. Il tempo che si dedica alla pratica diventa un\u2019oasi di pace all\u2019interno della vita quotidiana. Nei nostri incontri le donne acquisiscono semplici tecniche di movimento per affrontare con consapevolezza ed autostima sia il processo della gravidanza sia il travaglio ed il parto imparando ad aprirsi al dolore e ad accettare le contrazioni come onde che arrivano, prendono e rilasciano a riva la mamma ed il beb\u00e8. I movimenti fluidi e dolci della danza con gli elementi della natura sono accompagnati dal suono del flauto di bamb\u00f9, del tamburo ad acqua e inoltre da musiche, canti, ninne-nanne e filastrocche che favoriscono e rafforzano la comunicazione tra mamma e bambino.<\/p>\n<p><iframe src=\"https:\/\/www.youtube.com\/embed\/0cmF2ld3o38\" frameborder=\"0\" width=\"560\" height=\"315\"><\/iframe><\/p>\n","protected":false},"excerpt":{"rendered":"<p>TAI JI IN GRAVIDANZA con\u00a0Giuseppe Urselli e Monica Dal Molin Il programma: esercizi di rilassamento, lavoro sul bacino, esercizi per il perineo, visualizzazioni, liberare la voce, la danza creativa, il Tai Ji per la GraviDanza, la donna protagonista dell&#8217;evento, il parto attivo ed in casa, le posizioni, il massaggio, essere in sintonia con la donna, [&hellip;]<\/p>\n","protected":false},"author":1,"featured_media":0,"parent":359,"menu_order":15,"comment_status":"closed","ping_status":"closed","template":"","meta":{"site-sidebar-layout":"default","site-content-layout":"","ast-site-content-layout":"","site-content-style":"default","site-sidebar-style":"default","ast-global-header-display":"","ast-banner-title-visibility":"","ast-main-header-display":"","ast-hfb-above-header-display":"","ast-hfb-below-header-display":"","ast-hfb-mobile-header-display":"","site-post-title":"","ast-breadcrumbs-content":"","ast-featured-img":"","footer-sml-layout":"","theme-transparent-header-meta":"","adv-header-id-meta":"","stick-header-meta":"","header-above-stick-meta":"","header-main-stick-meta":"","header-below-stick-meta":"","astra-migrate-meta-layouts":"default","ast-page-background-enabled":"default","ast-page-background-meta":{"desktop":{"background-color":"","background-image":"","background-repeat":"repeat","background-position":"center center","background-size":"auto","background-attachment":"scroll","background-type":"","background-media":"","overlay-type":"","overlay-color":"","overlay-opacity":"","overlay-gradient":""},"tablet":{"background-color":"","background-image":"","background-repeat":"repeat","background-position":"center center","background-size":"auto","background-attachment":"scroll","background-type":"","background-media":"","overlay-type":"","overlay-color":"","overlay-opacity":"","overlay-gradient":""},"mobile":{"background-color":"","background-image":"","background-repeat":"repeat","background-position":"center center","background-size":"auto","background-attachment":"scroll","background-type":"","background-media":"","overlay-type":"","overlay-color":"","overlay-opacity":"","overlay-gradient":""}},"ast-content-background-meta":{"desktop":{"background-color":"var(--ast-global-color-5)","background-image":"","background-repeat":"repeat","background-position":"center center","background-size":"auto","background-attachment":"scroll","background-type":"","background-media":"","overlay-type":"","overlay-color":"","overlay-opacity":"","overlay-gradient":""},"tablet":{"background-color":"var(--ast-global-color-5)","background-image":"","background-repeat":"repeat","background-position":"center center","background-size":"auto","background-attachment":"scroll","background-type":"","background-media":"","overlay-type":"","overlay-color":"","overlay-opacity":"","overlay-gradient":""},"mobile":{"background-color":"var(--ast-global-color-5)","background-image":"","background-repeat":"repeat","background-position":"center center","background-size":"auto","background-attachment":"scroll","background-type":"","background-media":"","overlay-type":"","overlay-color":"","overlay-opacity":"","overlay-gradient":""}},"footnotes":""},"class_list":["post-45","page","type-page","status-publish","hentry"],"_links":{"self":[{"href":"http:\/\/www.danzataiji.it\/public\/wordpress\/wp-json\/wp\/v2\/pages\/45","targetHints":{"allow":["GET"]}}],"collection":[{"href":"http:\/\/www.danzataiji.it\/public\/wordpress\/wp-json\/wp\/v2\/pages"}],"about":[{"href":"http:\/\/www.danzataiji.it\/public\/wordpress\/wp-json\/wp\/v2\/types\/page"}],"author":[{"embeddable":true,"href":"http:\/\/www.danzataiji.it\/public\/wordpress\/wp-json\/wp\/v2\/users\/1"}],"replies":[{"embeddable":true,"href":"http:\/\/www.danzataiji.it\/public\/wordpress\/wp-json\/wp\/v2\/comments?post=45"}],"version-history":[{"count":45,"href":"http:\/\/www.danzataiji.it\/public\/wordpress\/wp-json\/wp\/v2\/pages\/45\/revisions"}],"predecessor-version":[{"id":3843,"href":"http:\/\/www.danzataiji.it\/public\/wordpress\/wp-json\/wp\/v2\/pages\/45\/revisions\/3843"}],"up":[{"embeddable":true,"href":"http:\/\/www.danzataiji.it\/public\/wordpress\/wp-json\/wp\/v2\/pages\/359"}],"wp:attachment":[{"href":"http:\/\/www.danzataiji.it\/public\/wordpress\/wp-json\/wp\/v2\/media?parent=45"}],"curies":[{"name":"wp","href":"https:\/\/api.w.org\/{rel}","templated":true}]}}