{"id":1876,"date":"2015-02-03T21:07:15","date_gmt":"2015-02-03T21:07:15","guid":{"rendered":"http:\/\/www.danzataiji.it\/public\/wordpress\/?page_id=1876"},"modified":"2026-02-12T17:48:30","modified_gmt":"2026-02-12T17:48:30","slug":"home","status":"publish","type":"page","link":"http:\/\/www.danzataiji.it\/public\/wordpress\/","title":{"rendered":"Home"},"content":{"rendered":"\t\t<div data-elementor-type=\"wp-post\" data-elementor-id=\"1876\" class=\"elementor elementor-1876\">\n\t\t\t\t\t\t<section class=\"elementor-section elementor-top-section elementor-element elementor-element-c2db875 elementor-section-boxed elementor-section-height-default elementor-section-height-default\" data-id=\"c2db875\" data-element_type=\"section\">\n\t\t\t\t\t\t<div class=\"elementor-container elementor-column-gap-default\">\n\t\t\t\t\t<div class=\"elementor-column elementor-col-100 elementor-top-column elementor-element elementor-element-692d519\" data-id=\"692d519\" data-element_type=\"column\" data-settings=\"{&quot;background_background&quot;:&quot;classic&quot;}\">\n\t\t\t<div class=\"elementor-widget-wrap elementor-element-populated\">\n\t\t\t\t\t\t<div class=\"elementor-element elementor-element-721433a elementor-arrows-position-inside elementor-widget elementor-widget-image-carousel\" data-id=\"721433a\" data-element_type=\"widget\" data-settings=\"{&quot;slides_to_show&quot;:&quot;1&quot;,&quot;navigation&quot;:&quot;arrows&quot;,&quot;autoplay&quot;:&quot;yes&quot;,&quot;pause_on_hover&quot;:&quot;yes&quot;,&quot;pause_on_interaction&quot;:&quot;yes&quot;,&quot;autoplay_speed&quot;:5000,&quot;infinite&quot;:&quot;yes&quot;,&quot;effect&quot;:&quot;slide&quot;,&quot;speed&quot;:500}\" data-widget_type=\"image-carousel.default\">\n\t\t\t\t<div class=\"elementor-widget-container\">\n\t\t\t\t\t\t\t<div class=\"elementor-image-carousel-wrapper swiper\" role=\"region\" aria-roledescription=\"carousel\" aria-label=\"Carosello d&#039;immagini\" dir=\"ltr\">\n\t\t\t<div class=\"elementor-image-carousel swiper-wrapper swiper-image-stretch\" aria-live=\"off\">\n\t\t\t\t\t\t\t\t<div class=\"swiper-slide\" role=\"group\" aria-roledescription=\"slide\" aria-label=\"1 di 19\"><figure class=\"swiper-slide-inner\"><img decoding=\"async\" class=\"swiper-slide-image\" src=\"http:\/\/www.danzataiji.it\/public\/wordpress\/wp-content\/uploads\/2025\/01\/IMG_0229.jpg\" alt=\"IMG_0229\" \/><\/figure><\/div><div class=\"swiper-slide\" role=\"group\" aria-roledescription=\"slide\" aria-label=\"2 di 19\"><figure class=\"swiper-slide-inner\"><img decoding=\"async\" class=\"swiper-slide-image\" src=\"http:\/\/www.danzataiji.it\/public\/wordpress\/wp-content\/uploads\/2025\/01\/DSC_0602-scaled.jpg\" alt=\"DSC_0602\" \/><\/figure><\/div><div class=\"swiper-slide\" role=\"group\" aria-roledescription=\"slide\" aria-label=\"3 di 19\"><figure class=\"swiper-slide-inner\"><img decoding=\"async\" class=\"swiper-slide-image\" src=\"http:\/\/www.danzataiji.it\/public\/wordpress\/wp-content\/uploads\/2025\/01\/122043240_10223818475671246_5484588559616286153_n.jpg\" alt=\"122043240_10223818475671246_5484588559616286153_n\" \/><\/figure><\/div><div class=\"swiper-slide\" role=\"group\" aria-roledescription=\"slide\" aria-label=\"4 di 19\"><figure class=\"swiper-slide-inner\"><img decoding=\"async\" class=\"swiper-slide-image\" src=\"http:\/\/www.danzataiji.it\/public\/wordpress\/wp-content\/uploads\/2025\/01\/1.jpg\" alt=\"1\" \/><\/figure><\/div><div class=\"swiper-slide\" role=\"group\" aria-roledescription=\"slide\" aria-label=\"5 di 19\"><figure class=\"swiper-slide-inner\"><img decoding=\"async\" class=\"swiper-slide-image\" src=\"http:\/\/www.danzataiji.it\/public\/wordpress\/wp-content\/uploads\/2025\/01\/peaceful-holiday-accommodation-in-puglia-1-scaled-1.jpg\" alt=\"peaceful-holiday-accommodation-in-puglia-1-scaled\" \/><\/figure><\/div><div class=\"swiper-slide\" role=\"group\" aria-roledescription=\"slide\" aria-label=\"6 di 19\"><figure class=\"swiper-slide-inner\"><img decoding=\"async\" class=\"swiper-slide-image\" src=\"http:\/\/www.danzataiji.it\/public\/wordpress\/wp-content\/uploads\/2025\/01\/IMG_20220527_123132-scaled.jpg\" alt=\"dav\" \/><\/figure><\/div><div class=\"swiper-slide\" role=\"group\" aria-roledescription=\"slide\" aria-label=\"7 di 19\"><figure class=\"swiper-slide-inner\"><img decoding=\"async\" class=\"swiper-slide-image\" src=\"http:\/\/www.danzataiji.it\/public\/wordpress\/wp-content\/uploads\/2025\/01\/IMG_20220527_123349-scaled.jpg\" alt=\"dav\" \/><\/figure><\/div><div class=\"swiper-slide\" role=\"group\" aria-roledescription=\"slide\" aria-label=\"8 di 19\"><figure class=\"swiper-slide-inner\"><img decoding=\"async\" class=\"swiper-slide-image\" src=\"http:\/\/www.danzataiji.it\/public\/wordpress\/wp-content\/uploads\/2025\/01\/IMG_1535-scaled.jpg\" alt=\"IMG_1535\" \/><\/figure><\/div><div class=\"swiper-slide\" role=\"group\" aria-roledescription=\"slide\" aria-label=\"9 di 19\"><figure class=\"swiper-slide-inner\"><img decoding=\"async\" class=\"swiper-slide-image\" src=\"http:\/\/www.danzataiji.it\/public\/wordpress\/wp-content\/uploads\/2025\/01\/Tai-Ji-Allungarsi-verso-il-Cielo-Tian-Shang.jpg\" alt=\"Tai Ji - Allungarsi verso il Cielo, Tian Shang\" \/><\/figure><\/div><div class=\"swiper-slide\" role=\"group\" aria-roledescription=\"slide\" aria-label=\"10 di 19\"><figure class=\"swiper-slide-inner\"><img decoding=\"async\" class=\"swiper-slide-image\" src=\"http:\/\/www.danzataiji.it\/public\/wordpress\/wp-content\/uploads\/2025\/01\/IMG-20240910-WA0002.jpg\" alt=\"IMG-20240910-WA0002\" \/><\/figure><\/div><div class=\"swiper-slide\" role=\"group\" aria-roledescription=\"slide\" aria-label=\"11 di 19\"><figure class=\"swiper-slide-inner\"><img decoding=\"async\" class=\"swiper-slide-image\" src=\"http:\/\/www.danzataiji.it\/public\/wordpress\/wp-content\/uploads\/2025\/01\/IMG_E1104-scaled.jpg\" alt=\"IMG_E1104\" \/><\/figure><\/div><div class=\"swiper-slide\" role=\"group\" aria-roledescription=\"slide\" aria-label=\"12 di 19\"><figure class=\"swiper-slide-inner\"><img decoding=\"async\" class=\"swiper-slide-image\" src=\"http:\/\/www.danzataiji.it\/public\/wordpress\/wp-content\/uploads\/2025\/01\/IMG-20230129-WA0036.jpg\" alt=\"IMG-20230129-WA0036\" \/><\/figure><\/div><div class=\"swiper-slide\" role=\"group\" aria-roledescription=\"slide\" aria-label=\"13 di 19\"><figure class=\"swiper-slide-inner\"><img decoding=\"async\" class=\"swiper-slide-image\" src=\"http:\/\/www.danzataiji.it\/public\/wordpress\/wp-content\/uploads\/2025\/01\/IMG_0959.jpg\" alt=\"IMG_0959\" \/><\/figure><\/div><div class=\"swiper-slide\" role=\"group\" aria-roledescription=\"slide\" aria-label=\"14 di 19\"><figure class=\"swiper-slide-inner\"><img decoding=\"async\" class=\"swiper-slide-image\" src=\"http:\/\/www.danzataiji.it\/public\/wordpress\/wp-content\/uploads\/2025\/01\/IMG_20220130_124111-scaled.jpg\" alt=\"dav\" \/><\/figure><\/div><div class=\"swiper-slide\" role=\"group\" aria-roledescription=\"slide\" aria-label=\"15 di 19\"><figure class=\"swiper-slide-inner\"><img decoding=\"async\" class=\"swiper-slide-image\" src=\"http:\/\/www.danzataiji.it\/public\/wordpress\/wp-content\/uploads\/2025\/01\/IMG_1191-scaled.jpg\" alt=\"IMG_1191\" \/><\/figure><\/div><div class=\"swiper-slide\" role=\"group\" aria-roledescription=\"slide\" aria-label=\"16 di 19\"><figure class=\"swiper-slide-inner\"><img decoding=\"async\" class=\"swiper-slide-image\" src=\"http:\/\/www.danzataiji.it\/public\/wordpress\/wp-content\/uploads\/2025\/01\/444-scaled.jpg\" alt=\"dav\" \/><\/figure><\/div><div class=\"swiper-slide\" role=\"group\" aria-roledescription=\"slide\" aria-label=\"17 di 19\"><figure class=\"swiper-slide-inner\"><img decoding=\"async\" class=\"swiper-slide-image\" src=\"http:\/\/www.danzataiji.it\/public\/wordpress\/wp-content\/uploads\/2025\/01\/254-scaled.jpg\" alt=\"sdr\" \/><\/figure><\/div><div class=\"swiper-slide\" role=\"group\" aria-roledescription=\"slide\" aria-label=\"18 di 19\"><figure class=\"swiper-slide-inner\"><img decoding=\"async\" class=\"swiper-slide-image\" src=\"http:\/\/www.danzataiji.it\/public\/wordpress\/wp-content\/uploads\/2025\/01\/593-scaled.jpg\" alt=\"sdr\" \/><\/figure><\/div><div class=\"swiper-slide\" role=\"group\" aria-roledescription=\"slide\" aria-label=\"19 di 19\"><figure class=\"swiper-slide-inner\"><img decoding=\"async\" class=\"swiper-slide-image\" src=\"http:\/\/www.danzataiji.it\/public\/wordpress\/wp-content\/uploads\/2025\/01\/440-scaled.jpg\" alt=\"dav\" \/><\/figure><\/div>\t\t\t<\/div>\n\t\t\t\t\t\t\t\t\t\t\t\t<div class=\"elementor-swiper-button elementor-swiper-button-prev\" role=\"button\" tabindex=\"0\">\n\t\t\t\t\t\t<i aria-hidden=\"true\" class=\"fas fa-arrow-alt-circle-left\"><\/i>\t\t\t\t\t<\/div>\n\t\t\t\t\t<div class=\"elementor-swiper-button elementor-swiper-button-next\" role=\"button\" tabindex=\"0\">\n\t\t\t\t\t\t<i aria-hidden=\"true\" class=\"fas fa-arrow-alt-circle-right\"><\/i>\t\t\t\t\t<\/div>\n\t\t\t\t\n\t\t\t\t\t\t\t\t\t<\/div>\n\t\t\t\t\t\t<\/div>\n\t\t\t\t<\/div>\n\t\t\t\t<div class=\"elementor-element elementor-element-b766a83 elementor-invisible elementor-widget elementor-widget-heading\" data-id=\"b766a83\" data-element_type=\"widget\" data-settings=\"{&quot;_animation&quot;:&quot;zoomIn&quot;}\" data-widget_type=\"heading.default\">\n\t\t\t\t<div class=\"elementor-widget-container\">\n\t\t\t\t\t<h5 class=\"elementor-heading-title elementor-size-xl\"><a href=\"https:\/\/www.danzataiji.it\/public\/wordpress\/nuovi-corsi-ed-eventi-2025\/\">CORSI ATTIVI ED EVENTI 2026<\/a><\/h5>\t\t\t\t<\/div>\n\t\t\t\t<\/div>\n\t\t\t\t<div class=\"elementor-element elementor-element-363589f elementor-invisible elementor-widget elementor-widget-heading\" data-id=\"363589f\" data-element_type=\"widget\" data-settings=\"{&quot;_animation&quot;:&quot;fadeInDown&quot;}\" data-widget_type=\"heading.default\">\n\t\t\t\t<div class=\"elementor-widget-container\">\n\t\t\t\t\t<h2 class=\"elementor-heading-title elementor-size-default\"><a href=\"https:\/\/www.danzataiji.it\/public\/wordpress\/seminario-estivo-dal-24-al-30-agosto-2026-in-salento\/\">SEMINARIO QI GONG TAI JI\nE MEDITAZIONE\nDAL 24 AL 30 AGOSTO\nIN SALENTO<\/a><\/h2>\t\t\t\t<\/div>\n\t\t\t\t<\/div>\n\t\t\t\t<div class=\"elementor-element elementor-element-b523e01 elementor-invisible elementor-widget elementor-widget-text-editor\" data-id=\"b523e01\" data-element_type=\"widget\" data-settings=\"{&quot;_animation&quot;:&quot;fadeInUp&quot;}\" data-widget_type=\"text-editor.default\">\n\t\t\t\t<div class=\"elementor-widget-container\">\n\t\t\t\t\t\t\t\t\t<h2><a href=\"https:\/\/www.danzataiji.it\/public\/wordpress\/corso-qi-gong-e-tai-ji-per-tutti\/\">Corso Tai Ji e Qi Gong annuale online a donazione libera e consapevole <\/a><\/h2><h2><a href=\"https:\/\/www.danzataiji.it\/public\/wordpress\/corso-qi-gong-e-tai-ji-per-tutti\/\">col maestro Giuseppe Urselli, dott. in Psicologia <\/a><\/h2><p><div class=\"ast-oembed-container \" style=\"height: 100%;\"><iframe title=\"Corso Tai Ji e Qi Gong online col maestro Giuseppe Urselli\" width=\"500\" height=\"281\" src=\"https:\/\/www.youtube.com\/embed\/VFEEARKF6HY?feature=oembed\" frameborder=\"0\" allow=\"accelerometer; autoplay; clipboard-write; encrypted-media; gyroscope; picture-in-picture; web-share\" referrerpolicy=\"strict-origin-when-cross-origin\" allowfullscreen><\/iframe><\/div><\/p>\t\t\t\t\t\t\t\t<\/div>\n\t\t\t\t<\/div>\n\t\t\t\t<div class=\"elementor-element elementor-element-6636927 elementor-widget elementor-widget-text-editor\" data-id=\"6636927\" data-element_type=\"widget\" data-widget_type=\"text-editor.default\">\n\t\t\t\t<div class=\"elementor-widget-container\">\n\t\t\t\t\t\t\t\t\t<p>Il <strong>Tai Ji<\/strong> (<strong>Tai Chi<\/strong>) \u00e8 un concetto filosofico e una pratica cinese dai movimenti spontanei, eleganti e naturali, una meravigliosa forma di meditazione in movimento praticata ogni giorno da milioni di persone in tutto il mondo. I suoi movimenti lenti, circolari e fluidi donano rilassamento ed equilibrio dinamico aiutando a ritrovare calma ed armonia tra corpo, mente e spirito.<\/p><p>Se praticato con costanza e consapevolezza, il Tai Ji pu\u00f2 condurre ad un\u2019autentica e profonda trasformazione interiore liberando il corpo e la mente dalle tensioni e dallo stress. Possiamo cos\u00ec scoprire la gioia di vivere nel momento presente, nel qui e ora!<\/p><p>Secondo l\u2019attuale metodo pinyin di trascrizione fonetica dei caratteri cinesi, \u00e8 preferibile scrivere Tai Ji in quanto pi\u00f9 fedele alla effettiva pronuncia rispetto alla precedente ortografia Tai Chi. Tai Ji \u00e8 un termine dal significato vasto e include la meditazione e il lavoro sulla consapevolezza. Possiamo tradurre Tai Ji come &#8220;Suprema Polarit\u00e0&#8221;, &#8220;Supremo Estremo&#8221; o &#8220;Supremo Fondamento&#8221;.<\/p><p>Il carattere cinese Tai \u592a mostra una persona consapevole del proprio centro che ritrova il proprio equilibrio psicofisico aprendo braccia e gambe. Il carattere Ji \u6975 \u00e8 composto di due parti, la prima indica l\u2019elemento Legno e la seconda l\u2019essere umano che si allunga fra Cielo e Terra. Quindi, Tai Ji indica una persona in armonia con la Natura che si apre alla vita danzando felicemente fra Cielo e Terra.<\/p><p>Quella persona potresti essere proprio tu!<\/p>\t\t\t\t\t\t\t\t<\/div>\n\t\t\t\t<\/div>\n\t\t\t\t<div class=\"elementor-element elementor-element-c42fe5f elementor-widget elementor-widget-image\" data-id=\"c42fe5f\" data-element_type=\"widget\" data-widget_type=\"image.default\">\n\t\t\t\t<div class=\"elementor-widget-container\">\n\t\t\t\t\t\t\t\t\t\t\t\t\t\t\t<img decoding=\"async\" width=\"156\" height=\"300\" src=\"http:\/\/www.danzataiji.it\/public\/wordpress\/wp-content\/uploads\/2025\/01\/17_TAIJI_NEW_mod-156x300.png\" class=\"attachment-medium size-medium wp-image-6732\" alt=\"\" srcset=\"http:\/\/www.danzataiji.it\/public\/wordpress\/wp-content\/uploads\/2025\/01\/17_TAIJI_NEW_mod-156x300.png 156w, http:\/\/www.danzataiji.it\/public\/wordpress\/wp-content\/uploads\/2025\/01\/17_TAIJI_NEW_mod-534x1024.png 534w, http:\/\/www.danzataiji.it\/public\/wordpress\/wp-content\/uploads\/2025\/01\/17_TAIJI_NEW_mod-768x1474.png 768w, http:\/\/www.danzataiji.it\/public\/wordpress\/wp-content\/uploads\/2025\/01\/17_TAIJI_NEW_mod-801x1536.png 801w, http:\/\/www.danzataiji.it\/public\/wordpress\/wp-content\/uploads\/2025\/01\/17_TAIJI_NEW_mod-1067x2048.png 1067w, http:\/\/www.danzataiji.it\/public\/wordpress\/wp-content\/uploads\/2025\/01\/17_TAIJI_NEW_mod.png 1095w\" sizes=\"(max-width: 156px) 100vw, 156px\" \/>\t\t\t\t\t\t\t\t\t\t\t\t\t\t\t<\/div>\n\t\t\t\t<\/div>\n\t\t\t\t<div class=\"elementor-element elementor-element-359a71c elementor-widget elementor-widget-text-editor\" data-id=\"359a71c\" data-element_type=\"widget\" data-widget_type=\"text-editor.default\">\n\t\t\t\t<div class=\"elementor-widget-container\">\n\t\t\t\t\t\t\t\t\t<p>Attraverso il Tai Ji \u00e8 possibile scoprire il pi\u00f9 sottile principio del taoismo: muoversi in accordo con la natura fluidamente, con chiarezza e vitalit\u00e0.<\/p><p>Oggi pi\u00f9 che mai abbiamo bisogno di fermarci, guardarci dentro e ascoltare ci\u00f2 che sta accadendo! Tutti noi meritiamo un luogo ed un tempo dove la meraviglia, l\u2019apertura e il desiderio di ricominciare a danzare possano rinascere.<\/p><p>Ti invitiamo ai nostri <a href=\"https:\/\/www.danzataiji.it\/public\/wordpress\/nuovi-corsi-ed-eventi-2025\/\"><strong>corsi<\/strong> <\/a>annuali in Puglia e ai <a href=\"https:\/\/www.danzataiji.it\/public\/wordpress\/seminario-25-31-agosto-2024\/\"><strong>seminari<\/strong><\/a> in Italia e all&#8217;estero col maestro <a href=\"https:\/\/www.danzataiji.it\/public\/wordpress\/chi-siamo\/giuseppe-urselli\/\"><strong>Giuseppe Urselli<\/strong><\/a> per condividere la profonda sensazione di pace interiore che dona il Tai Ji.<\/p><p style=\"text-align: center;\">Il Tai Ji \u00e8 per tutti, \u00e8 piacevolissimo praticarlo, \u00e8 per te !<\/p>\t\t\t\t\t\t\t\t<\/div>\n\t\t\t\t<\/div>\n\t\t\t\t\t<\/div>\n\t\t<\/div>\n\t\t\t\t\t<\/div>\n\t\t<\/section>\n\t\t\t\t<section class=\"elementor-section elementor-top-section elementor-element elementor-element-ed8073d elementor-section-boxed elementor-section-height-default elementor-section-height-default\" data-id=\"ed8073d\" data-element_type=\"section\">\n\t\t\t\t\t\t<div class=\"elementor-container elementor-column-gap-default\">\n\t\t\t\t\t<div class=\"elementor-column elementor-col-100 elementor-top-column elementor-element elementor-element-bcd48b5\" data-id=\"bcd48b5\" data-element_type=\"column\">\n\t\t\t<div class=\"elementor-widget-wrap elementor-element-populated\">\n\t\t\t\t\t\t<div class=\"elementor-element elementor-element-642e1f5 elementor-widget elementor-widget-heading\" data-id=\"642e1f5\" data-element_type=\"widget\" data-widget_type=\"heading.default\">\n\t\t\t\t<div class=\"elementor-widget-container\">\n\t\t\t\t\t<h2 class=\"elementor-heading-title elementor-size-default\"><a href=\"mailto:info@danzataiji.it\">VIVERE IL TAO ITALIA - info@danzataiji.it - Tel. 380 2919426<\/a><\/h2>\t\t\t\t<\/div>\n\t\t\t\t<\/div>\n\t\t\t\t<div class=\"elementor-element elementor-element-34e27cc elementor-widget elementor-widget-image-gallery\" data-id=\"34e27cc\" data-element_type=\"widget\" data-widget_type=\"image-gallery.default\">\n\t\t\t\t<div class=\"elementor-widget-container\">\n\t\t\t\t\t\t\t<div class=\"elementor-image-gallery\">\n\t\t\t<div id='gallery-1' class='gallery galleryid-1876 gallery-columns-3 gallery-size-full'><figure class='gallery-item'>\n\t\t\t<div class='gallery-icon landscape'>\n\t\t\t\t<a data-elementor-open-lightbox=\"yes\" data-elementor-lightbox-slideshow=\"34e27cc\" data-elementor-lightbox-title=\"SAM_1742\" data-e-action-hash=\"#elementor-action%3Aaction%3Dlightbox%26settings%3DeyJpZCI6MzE3OCwidXJsIjoiaHR0cDpcL1wvd3d3LmRhbnphdGFpamkuaXRcL3B1YmxpY1wvd29yZHByZXNzXC93cC1jb250ZW50XC91cGxvYWRzXC8yMDE5XC8wMVwvU0FNXzE3NDIuanBnIiwic2xpZGVzaG93IjoiMzRlMjdjYyJ9\" href='http:\/\/www.danzataiji.it\/public\/wordpress\/wp-content\/uploads\/2019\/01\/SAM_1742.jpg'><img fetchpriority=\"high\" decoding=\"async\" width=\"4608\" height=\"3456\" src=\"http:\/\/www.danzataiji.it\/public\/wordpress\/wp-content\/uploads\/2019\/01\/SAM_1742.jpg\" class=\"attachment-full size-full\" alt=\"\" srcset=\"http:\/\/www.danzataiji.it\/public\/wordpress\/wp-content\/uploads\/2019\/01\/SAM_1742.jpg 4608w, http:\/\/www.danzataiji.it\/public\/wordpress\/wp-content\/uploads\/2019\/01\/SAM_1742-300x225.jpg 300w, http:\/\/www.danzataiji.it\/public\/wordpress\/wp-content\/uploads\/2019\/01\/SAM_1742-768x576.jpg 768w, http:\/\/www.danzataiji.it\/public\/wordpress\/wp-content\/uploads\/2019\/01\/SAM_1742-1024x768.jpg 1024w\" sizes=\"(max-width: 4608px) 100vw, 4608px\" \/><\/a>\n\t\t\t<\/div><\/figure><figure class='gallery-item'>\n\t\t\t<div class='gallery-icon landscape'>\n\t\t\t\t<a data-elementor-open-lightbox=\"yes\" data-elementor-lightbox-slideshow=\"34e27cc\" data-elementor-lightbox-title=\"Tai Ji Gravina Riggio\" data-e-action-hash=\"#elementor-action%3Aaction%3Dlightbox%26settings%3DeyJpZCI6MzE3NywidXJsIjoiaHR0cDpcL1wvd3d3LmRhbnphdGFpamkuaXRcL3B1YmxpY1wvd29yZHByZXNzXC93cC1jb250ZW50XC91cGxvYWRzXC8yMDE5XC8wMVwvVGFpLUppLUdyYXZpbmEtUmlnZ2lvLmpwZyIsInNsaWRlc2hvdyI6IjM0ZTI3Y2MifQ%3D%3D\" href='http:\/\/www.danzataiji.it\/public\/wordpress\/wp-content\/uploads\/2019\/01\/Tai-Ji-Gravina-Riggio.jpg'><img decoding=\"async\" width=\"2048\" height=\"1536\" src=\"http:\/\/www.danzataiji.it\/public\/wordpress\/wp-content\/uploads\/2019\/01\/Tai-Ji-Gravina-Riggio.jpg\" class=\"attachment-full size-full\" alt=\"\" srcset=\"http:\/\/www.danzataiji.it\/public\/wordpress\/wp-content\/uploads\/2019\/01\/Tai-Ji-Gravina-Riggio.jpg 2048w, http:\/\/www.danzataiji.it\/public\/wordpress\/wp-content\/uploads\/2019\/01\/Tai-Ji-Gravina-Riggio-300x225.jpg 300w, http:\/\/www.danzataiji.it\/public\/wordpress\/wp-content\/uploads\/2019\/01\/Tai-Ji-Gravina-Riggio-768x576.jpg 768w, http:\/\/www.danzataiji.it\/public\/wordpress\/wp-content\/uploads\/2019\/01\/Tai-Ji-Gravina-Riggio-1024x768.jpg 1024w\" sizes=\"(max-width: 2048px) 100vw, 2048px\" \/><\/a>\n\t\t\t<\/div><\/figure><figure class='gallery-item'>\n\t\t\t<div class='gallery-icon landscape'>\n\t\t\t\t<a data-elementor-open-lightbox=\"yes\" data-elementor-lightbox-slideshow=\"34e27cc\" data-elementor-lightbox-title=\"Tai Ji Trekking Torre Colimena\" data-e-action-hash=\"#elementor-action%3Aaction%3Dlightbox%26settings%3DeyJpZCI6MzE3NiwidXJsIjoiaHR0cDpcL1wvd3d3LmRhbnphdGFpamkuaXRcL3B1YmxpY1wvd29yZHByZXNzXC93cC1jb250ZW50XC91cGxvYWRzXC8yMDE5XC8wMVwvVGFpLUppLVRyZWtraW5nLVRvcnJlLUNvbGltZW5hLmpwZyIsInNsaWRlc2hvdyI6IjM0ZTI3Y2MifQ%3D%3D\" href='http:\/\/www.danzataiji.it\/public\/wordpress\/wp-content\/uploads\/2019\/01\/Tai-Ji-Trekking-Torre-Colimena.jpg'><img loading=\"lazy\" decoding=\"async\" width=\"2048\" height=\"1536\" src=\"http:\/\/www.danzataiji.it\/public\/wordpress\/wp-content\/uploads\/2019\/01\/Tai-Ji-Trekking-Torre-Colimena.jpg\" class=\"attachment-full size-full\" alt=\"\" srcset=\"http:\/\/www.danzataiji.it\/public\/wordpress\/wp-content\/uploads\/2019\/01\/Tai-Ji-Trekking-Torre-Colimena.jpg 2048w, http:\/\/www.danzataiji.it\/public\/wordpress\/wp-content\/uploads\/2019\/01\/Tai-Ji-Trekking-Torre-Colimena-300x225.jpg 300w, http:\/\/www.danzataiji.it\/public\/wordpress\/wp-content\/uploads\/2019\/01\/Tai-Ji-Trekking-Torre-Colimena-768x576.jpg 768w, http:\/\/www.danzataiji.it\/public\/wordpress\/wp-content\/uploads\/2019\/01\/Tai-Ji-Trekking-Torre-Colimena-1024x768.jpg 1024w\" sizes=\"(max-width: 2048px) 100vw, 2048px\" \/><\/a>\n\t\t\t<\/div><\/figure>\n\t\t<\/div>\n\t\t<\/div>\n\t\t\t\t\t\t<\/div>\n\t\t\t\t<\/div>\n\t\t\t\t\t<\/div>\n\t\t<\/div>\n\t\t\t\t\t<\/div>\n\t\t<\/section>\n\t\t\t\t<section class=\"elementor-section elementor-top-section elementor-element elementor-element-3c781fe elementor-section-boxed elementor-section-height-default elementor-section-height-default\" data-id=\"3c781fe\" data-element_type=\"section\">\n\t\t\t\t\t\t<div class=\"elementor-container elementor-column-gap-default\">\n\t\t\t\t\t<div class=\"elementor-column elementor-col-100 elementor-top-column elementor-element elementor-element-5340e59\" data-id=\"5340e59\" data-element_type=\"column\">\n\t\t\t<div class=\"elementor-widget-wrap elementor-element-populated\">\n\t\t\t\t\t\t<div class=\"elementor-element elementor-element-3cf020a elementor-widget elementor-widget-video\" data-id=\"3cf020a\" data-element_type=\"widget\" data-settings=\"{&quot;youtube_url&quot;:&quot;https:\\\/\\\/youtu.be\\\/r3rpSyeQx7s&quot;,&quot;video_type&quot;:&quot;youtube&quot;,&quot;controls&quot;:&quot;yes&quot;}\" data-widget_type=\"video.default\">\n\t\t\t\t<div class=\"elementor-widget-container\">\n\t\t\t\t\t\t\t<div class=\"elementor-wrapper elementor-open-inline\">\n\t\t\t<div class=\"elementor-video\"><\/div>\t\t<\/div>\n\t\t\t\t\t\t<\/div>\n\t\t\t\t<\/div>\n\t\t\t\t\t<\/div>\n\t\t<\/div>\n\t\t\t\t\t<\/div>\n\t\t<\/section>\n\t\t\t\t<\/div>\n\t\t","protected":false},"excerpt":{"rendered":"<p>CORSI ATTIVI ED EVENTI 2026 SEMINARIO QI GONG TAI JI E MEDITAZIONE DAL 24 AL 30 AGOSTO IN SALENTO Corso Tai Ji e Qi Gong annuale online a donazione libera e consapevole col maestro Giuseppe Urselli, dott. in Psicologia Il Tai Ji (Tai Chi) \u00e8 un concetto filosofico e una pratica cinese dai movimenti spontanei, [&hellip;]<\/p>\n","protected":false},"author":1,"featured_media":0,"parent":0,"menu_order":0,"comment_status":"closed","ping_status":"open","template":"","meta":{"site-sidebar-layout":"no-sidebar","site-content-layout":"page-builder","ast-site-content-layout":"","site-content-style":"default","site-sidebar-style":"default","ast-global-header-display":"","ast-banner-title-visibility":"","ast-main-header-display":"","ast-hfb-above-header-display":"","ast-hfb-below-header-display":"","ast-hfb-mobile-header-display":"","site-post-title":"disabled","ast-breadcrumbs-content":"","ast-featured-img":"disabled","footer-sml-layout":"","theme-transparent-header-meta":"default","adv-header-id-meta":"","stick-header-meta":"","header-above-stick-meta":"","header-main-stick-meta":"","header-below-stick-meta":"","astra-migrate-meta-layouts":"default","ast-page-background-enabled":"default","ast-page-background-meta":{"desktop":{"background-color":"","background-image":"","background-repeat":"repeat","background-position":"center center","background-size":"auto","background-attachment":"scroll","background-type":"","background-media":"","overlay-type":"","overlay-color":"","overlay-opacity":"","overlay-gradient":""},"tablet":{"background-color":"","background-image":"","background-repeat":"repeat","background-position":"center center","background-size":"auto","background-attachment":"scroll","background-type":"","background-media":"","overlay-type":"","overlay-color":"","overlay-opacity":"","overlay-gradient":""},"mobile":{"background-color":"","background-image":"","background-repeat":"repeat","background-position":"center center","background-size":"auto","background-attachment":"scroll","background-type":"","background-media":"","overlay-type":"","overlay-color":"","overlay-opacity":"","overlay-gradient":""}},"ast-content-background-meta":{"desktop":{"background-color":"var(--ast-global-color-5)","background-image":"","background-repeat":"repeat","background-position":"center center","background-size":"auto","background-attachment":"scroll","background-type":"","background-media":"","overlay-type":"","overlay-color":"","overlay-opacity":"","overlay-gradient":""},"tablet":{"background-color":"var(--ast-global-color-5)","background-image":"","background-repeat":"repeat","background-position":"center center","background-size":"auto","background-attachment":"scroll","background-type":"","background-media":"","overlay-type":"","overlay-color":"","overlay-opacity":"","overlay-gradient":""},"mobile":{"background-color":"var(--ast-global-color-5)","background-image":"","background-repeat":"repeat","background-position":"center center","background-size":"auto","background-attachment":"scroll","background-type":"","background-media":"","overlay-type":"","overlay-color":"","overlay-opacity":"","overlay-gradient":""}},"footnotes":""},"class_list":["post-1876","page","type-page","status-publish","hentry"],"_links":{"self":[{"href":"http:\/\/www.danzataiji.it\/public\/wordpress\/wp-json\/wp\/v2\/pages\/1876","targetHints":{"allow":["GET"]}}],"collection":[{"href":"http:\/\/www.danzataiji.it\/public\/wordpress\/wp-json\/wp\/v2\/pages"}],"about":[{"href":"http:\/\/www.danzataiji.it\/public\/wordpress\/wp-json\/wp\/v2\/types\/page"}],"author":[{"embeddable":true,"href":"http:\/\/www.danzataiji.it\/public\/wordpress\/wp-json\/wp\/v2\/users\/1"}],"replies":[{"embeddable":true,"href":"http:\/\/www.danzataiji.it\/public\/wordpress\/wp-json\/wp\/v2\/comments?post=1876"}],"version-history":[{"count":371,"href":"http:\/\/www.danzataiji.it\/public\/wordpress\/wp-json\/wp\/v2\/pages\/1876\/revisions"}],"predecessor-version":[{"id":7706,"href":"http:\/\/www.danzataiji.it\/public\/wordpress\/wp-json\/wp\/v2\/pages\/1876\/revisions\/7706"}],"wp:attachment":[{"href":"http:\/\/www.danzataiji.it\/public\/wordpress\/wp-json\/wp\/v2\/media?parent=1876"}],"curies":[{"name":"wp","href":"https:\/\/api.w.org\/{rel}","templated":true}]}}